{"id":13274,"date":"2023-09-12T00:46:13","date_gmt":"2023-09-11T22:46:13","guid":{"rendered":"http:\/\/www.fherdezsoft.com\/home\/site\/?page_id=13274"},"modified":"2023-09-25T19:13:10","modified_gmt":"2023-09-26T01:13:10","slug":"servicios","status":"publish","type":"page","link":"https:\/\/www.fherdezsoft.com\/home\/site\/?page_id=13274","title":{"rendered":"Servicios"},"content":{"rendered":"\t\t<div data-elementor-type=\"wp-page\" data-elementor-id=\"13274\" class=\"elementor elementor-13274\">\n\t\t\t\t\t\t<section class=\"elementor-section elementor-top-section elementor-element elementor-element-42a9a0b elementor-section-boxed elementor-section-height-default elementor-section-height-default mas-addons-sticky-no\" data-id=\"42a9a0b\" data-element_type=\"section\" data-e-type=\"section\" data-settings=\"{&quot;mas_addons_sticky&quot;:&quot;no&quot;}\">\n\t\t\t\t\t\t<div class=\"elementor-container elementor-column-gap-default\">\n\t\t\t\t\t<div class=\"elementor-column elementor-col-50 elementor-top-column elementor-element elementor-element-427b20d\" data-id=\"427b20d\" data-element_type=\"column\" data-e-type=\"column\">\n\t\t\t<div class=\"elementor-widget-wrap elementor-element-populated\">\n\t\t\t\t\t\t<div class=\"elementor-element elementor-element-22074f4 mas-addons-sticky-no elementor-widget elementor-widget-image\" data-id=\"22074f4\" data-element_type=\"widget\" data-e-type=\"widget\" data-settings=\"{&quot;mas_addons_sticky&quot;:&quot;no&quot;}\" data-widget_type=\"image.default\">\n\t\t\t\t<div class=\"elementor-widget-container\">\n\t\t\t\t\t\t\t\t\t\t\t\t\t\t\t<img fetchpriority=\"high\" decoding=\"async\" width=\"569\" height=\"409\" src=\"https:\/\/www.fherdezsoft.com\/home\/site\/wp-content\/uploads\/sites\/2\/2023\/09\/Mujeres_servidores.jpg\" class=\"attachment-large size-large wp-image-13691\" alt=\"\" srcset=\"https:\/\/www.fherdezsoft.com\/home\/site\/wp-content\/uploads\/sites\/2\/2023\/09\/Mujeres_servidores.jpg 569w, https:\/\/www.fherdezsoft.com\/home\/site\/wp-content\/uploads\/sites\/2\/2023\/09\/Mujeres_servidores-300x216.jpg 300w, https:\/\/www.fherdezsoft.com\/home\/site\/wp-content\/uploads\/sites\/2\/2023\/09\/Mujeres_servidores-492x354.jpg 492w\" sizes=\"(max-width: 569px) 100vw, 569px\" \/>\t\t\t\t\t\t\t\t\t\t\t\t\t\t\t<\/div>\n\t\t\t\t<\/div>\n\t\t\t\t\t<\/div>\n\t\t<\/div>\n\t\t\t\t<div class=\"elementor-column elementor-col-50 elementor-top-column elementor-element elementor-element-dc36e1e\" data-id=\"dc36e1e\" data-element_type=\"column\" data-e-type=\"column\">\n\t\t\t<div class=\"elementor-widget-wrap elementor-element-populated\">\n\t\t\t\t\t\t<div class=\"elementor-element elementor-element-a95357e mas-addons-sticky-no elementor-widget elementor-widget-heading\" data-id=\"a95357e\" data-element_type=\"widget\" data-e-type=\"widget\" data-settings=\"{&quot;mas_addons_sticky&quot;:&quot;no&quot;}\" data-widget_type=\"heading.default\">\n\t\t\t\t<div class=\"elementor-widget-container\">\n\t\t\t\t\t<h1 class=\"elementor-heading-title elementor-size-default\">Servicios de infraestructura<\/h1>\t\t\t\t<\/div>\n\t\t\t\t<\/div>\n\t\t\t\t<div class=\"elementor-element elementor-element-33ba9c5 mas-addons-sticky-no elementor-widget elementor-widget-text-editor\" data-id=\"33ba9c5\" data-element_type=\"widget\" data-e-type=\"widget\" data-settings=\"{&quot;mas_addons_sticky&quot;:&quot;no&quot;}\" data-widget_type=\"text-editor.default\">\n\t\t\t\t<div class=\"elementor-widget-container\">\n\t\t\t\t\t\t\t\t\t<h5>Ofrecemos servicio de instalaci\u00f3n, configuraci\u00f3n y puesta en marcha de equipos para infraestructura de red como firewall, switches, modem, montaje de rack, equipos de protecci\u00f3n de energ\u00eda continua.<\/h5><h5>Con nuestra experiencia y conocimientos, puedemos garantizar un trabajo de calidad y eficiencia, adaptado a las necesidades y requerimientos de cada cliente. Brindamos soluciones integrales y seguras para optimizar el rendimiento y la seguridad de su red.<\/h5>\t\t\t\t\t\t\t\t<\/div>\n\t\t\t\t<\/div>\n\t\t\t\t\t<\/div>\n\t\t<\/div>\n\t\t\t\t\t<\/div>\n\t\t<\/section>\n\t\t\t\t<section class=\"elementor-section elementor-top-section elementor-element elementor-element-d56e3aa elementor-section-boxed elementor-section-height-default elementor-section-height-default mas-addons-sticky-no\" data-id=\"d56e3aa\" data-element_type=\"section\" data-e-type=\"section\" data-settings=\"{&quot;mas_addons_sticky&quot;:&quot;no&quot;}\">\n\t\t\t\t\t\t<div class=\"elementor-container elementor-column-gap-default\">\n\t\t\t\t\t<div class=\"elementor-column elementor-col-100 elementor-top-column elementor-element elementor-element-7eb29b3\" data-id=\"7eb29b3\" data-element_type=\"column\" data-e-type=\"column\">\n\t\t\t<div class=\"elementor-widget-wrap\">\n\t\t\t\t\t\t\t<\/div>\n\t\t<\/div>\n\t\t\t\t\t<\/div>\n\t\t<\/section>\n\t\t\t\t<section class=\"elementor-section elementor-top-section elementor-element elementor-element-8ba3db9 elementor-section-boxed elementor-section-height-default elementor-section-height-default mas-addons-sticky-no\" data-id=\"8ba3db9\" data-element_type=\"section\" data-e-type=\"section\" data-settings=\"{&quot;mas_addons_sticky&quot;:&quot;no&quot;}\">\n\t\t\t\t\t\t<div class=\"elementor-container elementor-column-gap-default\">\n\t\t\t\t\t<div class=\"elementor-column elementor-col-50 elementor-top-column elementor-element elementor-element-6282897\" data-id=\"6282897\" data-element_type=\"column\" data-e-type=\"column\">\n\t\t\t<div class=\"elementor-widget-wrap elementor-element-populated\">\n\t\t\t\t\t\t<div class=\"elementor-element elementor-element-382977d mas-addons-sticky-no elementor-widget elementor-widget-text-editor\" data-id=\"382977d\" data-element_type=\"widget\" data-e-type=\"widget\" data-settings=\"{&quot;mas_addons_sticky&quot;:&quot;no&quot;}\" data-widget_type=\"text-editor.default\">\n\t\t\t\t<div class=\"elementor-widget-container\">\n\t\t\t\t\t\t\t\t\t<h5>Ofrecemos el servicio de instalaci\u00f3n de cableado estructurado, c\u00e1maras de seguridad, tierras f\u00edsicas, conmutadores, swicthes, montaje de racks y todo lo relacionado con redes f\u00edsicas.<\/h5><h5>Contamos con personal calificado y certificado, que garantiza la calidad y el cumplimiento de las normas vigentes.<\/h5><h5>Ofrecemos soluciones integrales y a la medida de las necesidades de cada cliente, con precios competitivos y garant\u00eda por escrito.<\/h5>\t\t\t\t\t\t\t\t<\/div>\n\t\t\t\t<\/div>\n\t\t\t\t\t<\/div>\n\t\t<\/div>\n\t\t\t\t<div class=\"elementor-column elementor-col-50 elementor-top-column elementor-element elementor-element-987d285\" data-id=\"987d285\" data-element_type=\"column\" data-e-type=\"column\">\n\t\t\t<div class=\"elementor-widget-wrap elementor-element-populated\">\n\t\t\t\t\t\t<div class=\"elementor-element elementor-element-f498525 mas-addons-sticky-no elementor-widget elementor-widget-image\" data-id=\"f498525\" data-element_type=\"widget\" data-e-type=\"widget\" data-settings=\"{&quot;mas_addons_sticky&quot;:&quot;no&quot;}\" data-widget_type=\"image.default\">\n\t\t\t\t<div class=\"elementor-widget-container\">\n\t\t\t\t\t\t\t\t\t\t\t\t\t\t\t<img decoding=\"async\" width=\"291\" height=\"300\" src=\"https:\/\/www.fherdezsoft.com\/home\/site\/wp-content\/uploads\/sites\/2\/2023\/09\/torre_com-min-291x300.png\" class=\"attachment-medium size-medium wp-image-13692\" alt=\"\" srcset=\"https:\/\/www.fherdezsoft.com\/home\/site\/wp-content\/uploads\/sites\/2\/2023\/09\/torre_com-min-291x300.png 291w, https:\/\/www.fherdezsoft.com\/home\/site\/wp-content\/uploads\/sites\/2\/2023\/09\/torre_com-min-492x508.png 492w, https:\/\/www.fherdezsoft.com\/home\/site\/wp-content\/uploads\/sites\/2\/2023\/09\/torre_com-min.png 529w\" sizes=\"(max-width: 291px) 100vw, 291px\" \/>\t\t\t\t\t\t\t\t\t\t\t\t\t\t\t<\/div>\n\t\t\t\t<\/div>\n\t\t\t\t\t<\/div>\n\t\t<\/div>\n\t\t\t\t\t<\/div>\n\t\t<\/section>\n\t\t\t\t<section class=\"elementor-section elementor-top-section elementor-element elementor-element-414d764 elementor-section-boxed elementor-section-height-default elementor-section-height-default mas-addons-sticky-no\" data-id=\"414d764\" data-element_type=\"section\" data-e-type=\"section\" data-settings=\"{&quot;mas_addons_sticky&quot;:&quot;no&quot;}\">\n\t\t\t\t\t\t<div class=\"elementor-container elementor-column-gap-default\">\n\t\t\t\t\t<div class=\"elementor-column elementor-col-100 elementor-top-column elementor-element elementor-element-21ef01b\" data-id=\"21ef01b\" data-element_type=\"column\" data-e-type=\"column\">\n\t\t\t<div class=\"elementor-widget-wrap elementor-element-populated\">\n\t\t\t\t\t\t<div class=\"elementor-element elementor-element-d137590 elementor-widget-divider--view-line mas-addons-sticky-no elementor-widget elementor-widget-divider\" data-id=\"d137590\" data-element_type=\"widget\" data-e-type=\"widget\" data-settings=\"{&quot;mas_addons_sticky&quot;:&quot;no&quot;}\" data-widget_type=\"divider.default\">\n\t\t\t\t<div class=\"elementor-widget-container\">\n\t\t\t\t\t\t\t<div class=\"elementor-divider\">\n\t\t\t<span class=\"elementor-divider-separator\">\n\t\t\t\t\t\t<\/span>\n\t\t<\/div>\n\t\t\t\t\t\t<\/div>\n\t\t\t\t<\/div>\n\t\t\t\t\t<\/div>\n\t\t<\/div>\n\t\t\t\t\t<\/div>\n\t\t<\/section>\n\t\t\t\t<section class=\"elementor-section elementor-top-section elementor-element elementor-element-042d31e elementor-section-boxed elementor-section-height-default elementor-section-height-default mas-addons-sticky-no\" data-id=\"042d31e\" data-element_type=\"section\" data-e-type=\"section\" data-settings=\"{&quot;mas_addons_sticky&quot;:&quot;no&quot;}\">\n\t\t\t\t\t\t<div class=\"elementor-container elementor-column-gap-default\">\n\t\t\t\t\t<div class=\"elementor-column elementor-col-50 elementor-top-column elementor-element elementor-element-6d656a9\" data-id=\"6d656a9\" data-element_type=\"column\" data-e-type=\"column\">\n\t\t\t<div class=\"elementor-widget-wrap elementor-element-populated\">\n\t\t\t\t\t\t<div class=\"elementor-element elementor-element-2e7f9e0 mas-addons-sticky-no elementor-widget elementor-widget-heading\" data-id=\"2e7f9e0\" data-element_type=\"widget\" data-e-type=\"widget\" data-settings=\"{&quot;mas_addons_sticky&quot;:&quot;no&quot;}\" data-widget_type=\"heading.default\">\n\t\t\t\t<div class=\"elementor-widget-container\">\n\t\t\t\t\t<h1 class=\"elementor-heading-title elementor-size-default\">Centro de Desarrollo de Soluciones<\/h1>\t\t\t\t<\/div>\n\t\t\t\t<\/div>\n\t\t\t\t<div class=\"elementor-element elementor-element-a7797ae mas-addons-sticky-no elementor-widget elementor-widget-text-editor\" data-id=\"a7797ae\" data-element_type=\"widget\" data-e-type=\"widget\" data-settings=\"{&quot;mas_addons_sticky&quot;:&quot;no&quot;}\" data-widget_type=\"text-editor.default\">\n\t\t\t\t<div class=\"elementor-widget-container\">\n\t\t\t\t\t\t\t\t\t<h5>En nuestra empresa ofrecemos servicio de desarrollo de software a la medida, adaptado a las necesidades y requerimientos de cada cliente.<\/h5><h5>Contamos con un equipo de profesionales expertos en diferentes lenguajes de programaci\u00f3n de \u00faltima generaci\u00f3n como php, angular, c#, java, laravel, entre otros que nos permiten crear soluciones innovadoras, eficientes y de calidad.<\/h5><h5>Nuestro objetivo es brindar un servicio de excelencia que genere valor y satisfacci\u00f3n a nuestros clientes.<\/h5>\t\t\t\t\t\t\t\t<\/div>\n\t\t\t\t<\/div>\n\t\t\t\t\t<\/div>\n\t\t<\/div>\n\t\t\t\t<div class=\"elementor-column elementor-col-50 elementor-top-column elementor-element elementor-element-d55955d\" data-id=\"d55955d\" data-element_type=\"column\" data-e-type=\"column\">\n\t\t\t<div class=\"elementor-widget-wrap elementor-element-populated\">\n\t\t\t\t\t\t<div class=\"elementor-element elementor-element-abf65df mas-addons-sticky-no elementor-widget elementor-widget-image\" data-id=\"abf65df\" data-element_type=\"widget\" data-e-type=\"widget\" data-settings=\"{&quot;mas_addons_sticky&quot;:&quot;no&quot;}\" data-widget_type=\"image.default\">\n\t\t\t\t<div class=\"elementor-widget-container\">\n\t\t\t\t\t\t\t\t\t\t\t\t\t\t\t<img decoding=\"async\" width=\"578\" height=\"409\" src=\"https:\/\/www.fherdezsoft.com\/home\/site\/wp-content\/uploads\/sites\/2\/2023\/09\/desarrollo_soft-min.png\" class=\"attachment-large size-large wp-image-13697\" alt=\"\" srcset=\"https:\/\/www.fherdezsoft.com\/home\/site\/wp-content\/uploads\/sites\/2\/2023\/09\/desarrollo_soft-min.png 578w, https:\/\/www.fherdezsoft.com\/home\/site\/wp-content\/uploads\/sites\/2\/2023\/09\/desarrollo_soft-min-300x212.png 300w, https:\/\/www.fherdezsoft.com\/home\/site\/wp-content\/uploads\/sites\/2\/2023\/09\/desarrollo_soft-min-492x348.png 492w\" sizes=\"(max-width: 578px) 100vw, 578px\" \/>\t\t\t\t\t\t\t\t\t\t\t\t\t\t\t<\/div>\n\t\t\t\t<\/div>\n\t\t\t\t\t<\/div>\n\t\t<\/div>\n\t\t\t\t\t<\/div>\n\t\t<\/section>\n\t\t\t\t<section class=\"elementor-section elementor-top-section elementor-element elementor-element-0bf7b83 elementor-section-boxed elementor-section-height-default elementor-section-height-default mas-addons-sticky-no\" data-id=\"0bf7b83\" data-element_type=\"section\" data-e-type=\"section\" data-settings=\"{&quot;mas_addons_sticky&quot;:&quot;no&quot;}\">\n\t\t\t\t\t\t<div class=\"elementor-container elementor-column-gap-default\">\n\t\t\t\t\t<div class=\"elementor-column elementor-col-100 elementor-top-column elementor-element elementor-element-89c8e68\" data-id=\"89c8e68\" data-element_type=\"column\" data-e-type=\"column\">\n\t\t\t<div class=\"elementor-widget-wrap elementor-element-populated\">\n\t\t\t\t\t\t<div class=\"elementor-element elementor-element-1cd122f elementor-widget-divider--view-line mas-addons-sticky-no elementor-widget elementor-widget-divider\" data-id=\"1cd122f\" data-element_type=\"widget\" data-e-type=\"widget\" data-settings=\"{&quot;mas_addons_sticky&quot;:&quot;no&quot;}\" data-widget_type=\"divider.default\">\n\t\t\t\t<div class=\"elementor-widget-container\">\n\t\t\t\t\t\t\t<div class=\"elementor-divider\">\n\t\t\t<span class=\"elementor-divider-separator\">\n\t\t\t\t\t\t<\/span>\n\t\t<\/div>\n\t\t\t\t\t\t<\/div>\n\t\t\t\t<\/div>\n\t\t\t\t\t<\/div>\n\t\t<\/div>\n\t\t\t\t\t<\/div>\n\t\t<\/section>\n\t\t\t\t<section class=\"elementor-section elementor-top-section elementor-element elementor-element-371da0a elementor-section-boxed elementor-section-height-default elementor-section-height-default mas-addons-sticky-no\" data-id=\"371da0a\" data-element_type=\"section\" data-e-type=\"section\" data-settings=\"{&quot;mas_addons_sticky&quot;:&quot;no&quot;}\">\n\t\t\t\t\t\t<div class=\"elementor-container elementor-column-gap-default\">\n\t\t\t\t\t<div class=\"elementor-column elementor-col-50 elementor-top-column elementor-element elementor-element-c78d13d\" data-id=\"c78d13d\" data-element_type=\"column\" data-e-type=\"column\">\n\t\t\t<div class=\"elementor-widget-wrap elementor-element-populated\">\n\t\t\t\t\t\t<div class=\"elementor-element elementor-element-8db0046 mas-addons-sticky-no elementor-widget elementor-widget-image\" data-id=\"8db0046\" data-element_type=\"widget\" data-e-type=\"widget\" data-settings=\"{&quot;mas_addons_sticky&quot;:&quot;no&quot;}\" data-widget_type=\"image.default\">\n\t\t\t\t<div class=\"elementor-widget-container\">\n\t\t\t\t\t\t\t\t\t\t\t\t\t\t\t<img loading=\"lazy\" decoding=\"async\" width=\"962\" height=\"1024\" src=\"https:\/\/www.fherdezsoft.com\/home\/site\/wp-content\/uploads\/sites\/2\/2023\/04\/thumb-v9-1-962x1024.png\" class=\"attachment-large size-large wp-image-12415\" alt=\"\" srcset=\"https:\/\/www.fherdezsoft.com\/home\/site\/wp-content\/uploads\/sites\/2\/2023\/04\/thumb-v9-1-962x1024.png 962w, https:\/\/www.fherdezsoft.com\/home\/site\/wp-content\/uploads\/sites\/2\/2023\/04\/thumb-v9-1-282x300.png 282w, https:\/\/www.fherdezsoft.com\/home\/site\/wp-content\/uploads\/sites\/2\/2023\/04\/thumb-v9-1-768x817.png 768w, https:\/\/www.fherdezsoft.com\/home\/site\/wp-content\/uploads\/sites\/2\/2023\/04\/thumb-v9-1-492x524.png 492w, https:\/\/www.fherdezsoft.com\/home\/site\/wp-content\/uploads\/sites\/2\/2023\/04\/thumb-v9-1.png 1120w\" sizes=\"(max-width: 962px) 100vw, 962px\" \/>\t\t\t\t\t\t\t\t\t\t\t\t\t\t\t<\/div>\n\t\t\t\t<\/div>\n\t\t\t\t\t<\/div>\n\t\t<\/div>\n\t\t\t\t<div class=\"elementor-column elementor-col-50 elementor-top-column elementor-element elementor-element-29b81cd\" data-id=\"29b81cd\" data-element_type=\"column\" data-e-type=\"column\">\n\t\t\t<div class=\"elementor-widget-wrap elementor-element-populated\">\n\t\t\t\t\t\t<div class=\"elementor-element elementor-element-50cfaad mas-addons-sticky-no elementor-widget elementor-widget-heading\" data-id=\"50cfaad\" data-element_type=\"widget\" data-e-type=\"widget\" data-settings=\"{&quot;mas_addons_sticky&quot;:&quot;no&quot;}\" data-widget_type=\"heading.default\">\n\t\t\t\t<div class=\"elementor-widget-container\">\n\t\t\t\t\t<h1 class=\"elementor-heading-title elementor-size-default\">Solicite m\u00e1s informaci\u00f3n sobre nuestros servicios<\/h1>\t\t\t\t<\/div>\n\t\t\t\t<\/div>\n\t\t\t\t<div class=\"elementor-element elementor-element-896fe91 mas-addons-sticky-no elementor-widget elementor-widget-mas-addons-form\" data-id=\"896fe91\" data-element_type=\"widget\" data-e-type=\"widget\" data-settings=\"{&quot;mas_addons_sticky&quot;:&quot;no&quot;}\" data-widget_type=\"mas-addons-form.default\">\n\t\t\t\t<div class=\"elementor-widget-container\">\n\t\t\t\t\t\n                <div class=\"mas-addons--contactform-wraper  mas-addons-contact-from \">\n            \n<div class=\"wpcf7 no-js\" id=\"wpcf7-f5-o1\" lang=\"es-ES\" dir=\"ltr\" data-wpcf7-id=\"5\">\n<div class=\"screen-reader-response\"><p role=\"status\" aria-live=\"polite\" aria-atomic=\"true\"><\/p> <ul><\/ul><\/div>\n<form action=\"\/home\/site\/index.php?rest_route=%2Fwp%2Fv2%2Fpages%2F13274#wpcf7-f5-o1\" method=\"post\" class=\"wpcf7-form init\" aria-label=\"Formulario de contacto\" novalidate=\"novalidate\" data-status=\"init\">\n<fieldset class=\"hidden-fields-container\"><input type=\"hidden\" name=\"_wpcf7\" value=\"5\" \/><input type=\"hidden\" name=\"_wpcf7_version\" value=\"6.1.5\" \/><input type=\"hidden\" name=\"_wpcf7_locale\" value=\"es_ES\" \/><input type=\"hidden\" name=\"_wpcf7_unit_tag\" value=\"wpcf7-f5-o1\" \/><input type=\"hidden\" name=\"_wpcf7_container_post\" value=\"0\" \/><input type=\"hidden\" name=\"_wpcf7_posted_data_hash\" value=\"\" \/>\n<\/fieldset>\n<p><label> Tu nombre<br \/>\n<span class=\"wpcf7-form-control-wrap\" data-name=\"your-name\"><input size=\"40\" maxlength=\"400\" class=\"wpcf7-form-control wpcf7-text wpcf7-validates-as-required\" autocomplete=\"name\" aria-required=\"true\" aria-invalid=\"false\" value=\"\" type=\"text\" name=\"your-name\" \/><\/span> <\/label>\n<\/p>\n<p><label> Tu correo electr\u00f3nico<br \/>\n<span class=\"wpcf7-form-control-wrap\" data-name=\"your-email\"><input size=\"40\" maxlength=\"400\" class=\"wpcf7-form-control wpcf7-email wpcf7-validates-as-required wpcf7-text wpcf7-validates-as-email\" autocomplete=\"email\" aria-required=\"true\" aria-invalid=\"false\" value=\"\" type=\"email\" name=\"your-email\" \/><\/span> <\/label>\n<\/p>\n<p><label> Asunto<br \/>\n<span class=\"wpcf7-form-control-wrap\" data-name=\"your-subject\"><input size=\"40\" maxlength=\"400\" class=\"wpcf7-form-control wpcf7-text wpcf7-validates-as-required\" aria-required=\"true\" aria-invalid=\"false\" value=\"\" type=\"text\" name=\"your-subject\" \/><\/span> <\/label>\n<\/p>\n<p><label> Tu mensaje (opcional)<br \/>\n<span class=\"wpcf7-form-control-wrap\" data-name=\"your-message\"><textarea cols=\"40\" rows=\"10\" maxlength=\"2000\" class=\"wpcf7-form-control wpcf7-textarea\" aria-invalid=\"false\" name=\"your-message\"><\/textarea><\/span> <\/label>\n<\/p>\n<p><input class=\"wpcf7-form-control wpcf7-submit has-spinner\" type=\"submit\" value=\"Enviar\" \/>\n<\/p><div class=\"wpcf7-response-output\" aria-hidden=\"true\"><\/div>\n<\/form>\n<\/div>\n        <\/div>\n        \t\t\t\t<\/div>\n\t\t\t\t<\/div>\n\t\t\t\t\t<\/div>\n\t\t<\/div>\n\t\t\t\t\t<\/div>\n\t\t<\/section>\n\t\t\t\t<\/div>\n\t\t","protected":false},"excerpt":{"rendered":"<p>Servicios de infraestructura Ofrecemos servicio de instalaci\u00f3n, configuraci\u00f3n y puesta en marcha de equipos para infraestructura de red como firewall, switches, modem, montaje de rack, equipos de protecci\u00f3n de energ\u00eda continua. Con nuestra experiencia y conocimientos, puedemos garantizar un trabajo de calidad y eficiencia, adaptado a las necesidades y requerimientos de cada cliente. Brindamos soluciones [&hellip;]<\/p>\n","protected":false},"author":1,"featured_media":0,"parent":0,"menu_order":0,"comment_status":"closed","ping_status":"closed","template":"","meta":{"inline_featured_image":false,"footnotes":""},"class_list":["post-13274","page","type-page","status-publish","hentry"],"acf":[],"_links":{"self":[{"href":"https:\/\/www.fherdezsoft.com\/home\/site\/index.php?rest_route=\/wp\/v2\/pages\/13274","targetHints":{"allow":["GET"]}}],"collection":[{"href":"https:\/\/www.fherdezsoft.com\/home\/site\/index.php?rest_route=\/wp\/v2\/pages"}],"about":[{"href":"https:\/\/www.fherdezsoft.com\/home\/site\/index.php?rest_route=\/wp\/v2\/types\/page"}],"author":[{"embeddable":true,"href":"https:\/\/www.fherdezsoft.com\/home\/site\/index.php?rest_route=\/wp\/v2\/users\/1"}],"replies":[{"embeddable":true,"href":"https:\/\/www.fherdezsoft.com\/home\/site\/index.php?rest_route=%2Fwp%2Fv2%2Fcomments&post=13274"}],"version-history":[{"count":13,"href":"https:\/\/www.fherdezsoft.com\/home\/site\/index.php?rest_route=\/wp\/v2\/pages\/13274\/revisions"}],"predecessor-version":[{"id":13707,"href":"https:\/\/www.fherdezsoft.com\/home\/site\/index.php?rest_route=\/wp\/v2\/pages\/13274\/revisions\/13707"}],"wp:attachment":[{"href":"https:\/\/www.fherdezsoft.com\/home\/site\/index.php?rest_route=%2Fwp%2Fv2%2Fmedia&parent=13274"}],"curies":[{"name":"wp","href":"https:\/\/api.w.org\/{rel}","templated":true}]}}