{"id":13182,"date":"2023-03-31T19:22:38","date_gmt":"2023-03-31T19:22:38","guid":{"rendered":"https:\/\/favdevs.com\/demos\/wp\/techza\/?page_id=13"},"modified":"2025-09-10T13:14:36","modified_gmt":"2025-09-10T19:14:36","slug":"contact","status":"publish","type":"page","link":"https:\/\/www.fherdezsoft.com\/home\/site\/?page_id=13182","title":{"rendered":"Contacto"},"content":{"rendered":"\t\t<div data-elementor-type=\"wp-page\" data-elementor-id=\"13182\" class=\"elementor elementor-13182\">\n\t\t\t\t\t\t<section class=\"elementor-section elementor-top-section elementor-element elementor-element-ed92f2c elementor-section-full_width elementor-section-height-default elementor-section-height-default mas-addons-sticky-no\" data-id=\"ed92f2c\" data-element_type=\"section\" data-e-type=\"section\" data-settings=\"{&quot;background_background&quot;:&quot;classic&quot;,&quot;mas_addons_sticky&quot;:&quot;no&quot;}\">\n\t\t\t\t\t\t\t<div class=\"elementor-background-overlay\"><\/div>\n\t\t\t\t\t\t\t<div class=\"elementor-container elementor-column-gap-no\">\n\t\t\t\t\t<div class=\"elementor-column elementor-col-100 elementor-top-column elementor-element elementor-element-402d8a0\" data-id=\"402d8a0\" data-element_type=\"column\" data-e-type=\"column\">\n\t\t\t<div class=\"elementor-widget-wrap elementor-element-populated\">\n\t\t\t\t\t\t<section class=\"elementor-section elementor-inner-section elementor-element elementor-element-13e81b7 elementor-section-boxed elementor-section-height-default elementor-section-height-default mas-addons-sticky-no\" data-id=\"13e81b7\" data-element_type=\"section\" data-e-type=\"section\" data-settings=\"{&quot;mas_addons_sticky&quot;:&quot;no&quot;}\">\n\t\t\t\t\t\t<div class=\"elementor-container elementor-column-gap-no\">\n\t\t\t\t\t<div class=\"elementor-column elementor-col-100 elementor-inner-column elementor-element elementor-element-cbe2333\" data-id=\"cbe2333\" data-element_type=\"column\" data-e-type=\"column\">\n\t\t\t<div class=\"elementor-widget-wrap elementor-element-populated\">\n\t\t\t\t\t\t<div class=\"elementor-element elementor-element-d869620 mas-addons-sticky-no elementor-widget elementor-widget-mas-addons-heading\" data-id=\"d869620\" data-element_type=\"widget\" data-e-type=\"widget\" data-settings=\"{&quot;mas_addons_sticky&quot;:&quot;no&quot;}\" data-widget_type=\"mas-addons-heading.default\">\n\t\t\t\t<div class=\"elementor-widget-container\">\n\t\t\t\t\t<h2 class=\"mas-addons-heading-title show-line-no\">Contacto<\/h2>\t\t\t\t<\/div>\n\t\t\t\t<\/div>\n\t\t\t\t<div class=\"elementor-element elementor-element-de5a299 mas-addons-sticky-no elementor-widget elementor-widget-mas-addons-breadcrumb\" data-id=\"de5a299\" data-element_type=\"widget\" data-e-type=\"widget\" data-settings=\"{&quot;mas_addons_sticky&quot;:&quot;no&quot;}\" data-widget_type=\"mas-addons-breadcrumb.default\">\n\t\t\t\t<div class=\"elementor-widget-container\">\n\t\t\t\t\t<ul class=\"mas-addons-breadcrumbs\"><li class=\"mas-addons-breadcrumbs-item mas-addons-breadcrumbs-start\"><a href=\"https:\/\/www.fherdezsoft.com\/home\/site\" rel=\"home\"><span class=\"mas-addons-breadcrumbs-text\">Home<\/span><\/a><\/li><\/ul>\t\t\t\t<\/div>\n\t\t\t\t<\/div>\n\t\t\t\t\t<\/div>\n\t\t<\/div>\n\t\t\t\t\t<\/div>\n\t\t<\/section>\n\t\t\t\t\t<\/div>\n\t\t<\/div>\n\t\t\t\t\t<\/div>\n\t\t<\/section>\n\t\t\t\t<section class=\"elementor-section elementor-top-section elementor-element elementor-element-34d865f elementor-section-full_width elementor-section-height-default elementor-section-height-default mas-addons-sticky-no\" data-id=\"34d865f\" data-element_type=\"section\" data-e-type=\"section\" data-settings=\"{&quot;background_background&quot;:&quot;classic&quot;,&quot;mas_addons_sticky&quot;:&quot;no&quot;}\">\n\t\t\t\t\t\t<div class=\"elementor-container elementor-column-gap-no\">\n\t\t\t\t\t<div class=\"elementor-column elementor-col-100 elementor-top-column elementor-element elementor-element-70a566d\" data-id=\"70a566d\" data-element_type=\"column\" data-e-type=\"column\" data-settings=\"{&quot;background_background&quot;:&quot;classic&quot;}\">\n\t\t\t<div class=\"elementor-widget-wrap elementor-element-populated\">\n\t\t\t\t\t\t<section class=\"elementor-section elementor-inner-section elementor-element elementor-element-34e3220 contact-bg elementor-section-boxed elementor-section-height-default elementor-section-height-default mas-addons-sticky-no\" data-id=\"34e3220\" data-element_type=\"section\" data-e-type=\"section\" data-settings=\"{&quot;mas_addons_sticky&quot;:&quot;no&quot;}\">\n\t\t\t\t\t\t\t<div class=\"elementor-background-overlay\"><\/div>\n\t\t\t\t\t\t\t<div class=\"elementor-container elementor-column-gap-no\">\n\t\t\t\t\t<div class=\"elementor-column elementor-col-50 elementor-inner-column elementor-element elementor-element-6a0ef9f\" data-id=\"6a0ef9f\" data-element_type=\"column\" data-e-type=\"column\">\n\t\t\t<div class=\"elementor-widget-wrap elementor-element-populated\">\n\t\t\t\t\t\t<div class=\"elementor-element elementor-element-8c4947c mas-addons-sticky-no elementor-widget elementor-widget-heading\" data-id=\"8c4947c\" data-element_type=\"widget\" data-e-type=\"widget\" data-settings=\"{&quot;mas_addons_sticky&quot;:&quot;no&quot;}\" data-widget_type=\"heading.default\">\n\t\t\t\t<div class=\"elementor-widget-container\">\n\t\t\t\t\t<h2 class=\"elementor-heading-title elementor-size-default\">Cont\u00e1ctanos ahora mismo<\/h2>\t\t\t\t<\/div>\n\t\t\t\t<\/div>\n\t\t\t\t<div class=\"elementor-element elementor-element-8639686 mas-addons-sticky-no elementor-widget elementor-widget-heading\" data-id=\"8639686\" data-element_type=\"widget\" data-e-type=\"widget\" data-settings=\"{&quot;mas_addons_sticky&quot;:&quot;no&quot;}\" data-widget_type=\"heading.default\">\n\t\t\t\t<div class=\"elementor-widget-container\">\n\t\t\t\t\t<h2 class=\"elementor-heading-title elementor-size-default\">Nuestro equipo est\u00e1 listo para resolver tus dudas.<\/h2>\t\t\t\t<\/div>\n\t\t\t\t<\/div>\n\t\t\t\t<div class=\"elementor-element elementor-element-04df3cd elementor-widget-tablet__width-initial mas-addons-sticky-no elementor-widget elementor-widget-mas-addons-icon-box\" data-id=\"04df3cd\" data-element_type=\"widget\" data-e-type=\"widget\" data-settings=\"{&quot;mas_addons_sticky&quot;:&quot;no&quot;}\" data-widget_type=\"mas-addons-icon-box.default\">\n\t\t\t\t<div class=\"elementor-widget-container\">\n\t\t\t\t\t\t\t\t<!-- box link  -->\n\t\t\t<a class=\"d-block\" href=\"#\"  rel=\"nofollow\" target=\"_blank\">\t\t\t<!-- box link  -->\n\t\t<div class=\"mas-addons-feature-box-item mas-addons-feature-icon-left mas-addons-icon-position-left\">\n\n\t\t\t\t\t\t<div class=\"mas-addons-feature-icon-wrap icon-background-yes align-items-top\">\n\t\t\t\t<span class=\"mas-addons-feature-icon icon-type-icon\">\n\t\t\t\t\t<i aria-hidden=\"true\" class=\"fas fa-phone-alt\"><\/i>\t\t\t\t<\/span>\n\t\t\t<\/div>\n\t\t\t\n\t\t\t<div class=\"mas-addons-feature-content-wrap\">\n\t\t\t\t<div class=\"mas-addons-feature-content\">\n\t\t\t\t\t\t\t\t\t\t<h4 class=\"mas-addons-feature-title\">Atenci\u00f3n v\u00eda telef\u00f3nica<\/h4>\n\t\t\t\t\t\n\t\t\t\t\t\t\t\t\t\t<p>(999) 925-3288<\/p>\n\t\t\t\t\t\n\t\t\t\t\t\n\t\t\t\t<\/div>\n\t\t\t\t\t\t\t<\/div>\n\n\t\t<\/div>\n\t\t<!-- box link  -->\n\t\t<\/a>\t\t\t<!-- box link  -->\n\t\t\t\t<\/div>\n\t\t\t\t<\/div>\n\t\t\t\t<div class=\"elementor-element elementor-element-9e91233 elementor-widget-tablet__width-initial mas-addons-sticky-no elementor-widget elementor-widget-mas-addons-icon-box\" data-id=\"9e91233\" data-element_type=\"widget\" data-e-type=\"widget\" data-settings=\"{&quot;mas_addons_sticky&quot;:&quot;no&quot;}\" data-widget_type=\"mas-addons-icon-box.default\">\n\t\t\t\t<div class=\"elementor-widget-container\">\n\t\t\t\t\t\t\t\t<!-- box link  -->\n\t\t\t<a class=\"d-block\" href=\"#\"  rel=\"nofollow\" target=\"_blank\">\t\t\t<!-- box link  -->\n\t\t<div class=\"mas-addons-feature-box-item mas-addons-feature-icon-left mas-addons-icon-position-left\">\n\n\t\t\t\t\t\t<div class=\"mas-addons-feature-icon-wrap icon-background-yes align-items-top\">\n\t\t\t\t<span class=\"mas-addons-feature-icon icon-type-icon\">\n\t\t\t\t\t<i aria-hidden=\"true\" class=\"far fa-envelope-open\"><\/i>\t\t\t\t<\/span>\n\t\t\t<\/div>\n\t\t\t\n\t\t\t<div class=\"mas-addons-feature-content-wrap\">\n\t\t\t\t<div class=\"mas-addons-feature-content\">\n\t\t\t\t\t\t\t\t\t\t<h4 class=\"mas-addons-feature-title\">Escr\u00edbenos por WhatsApp<\/h4>\n\t\t\t\t\t\n\t\t\t\t\t\t\t\t\t\t<p>(999) 360-5434<\/p>\n\t\t\t\t\t\n\t\t\t\t\t\n\t\t\t\t<\/div>\n\t\t\t\t\t\t\t<\/div>\n\n\t\t<\/div>\n\t\t<!-- box link  -->\n\t\t<\/a>\t\t\t<!-- box link  -->\n\t\t\t\t<\/div>\n\t\t\t\t<\/div>\n\t\t\t\t<div class=\"elementor-element elementor-element-7409d37 elementor-widget-tablet__width-initial mas-addons-sticky-no elementor-widget elementor-widget-mas-addons-icon-box\" data-id=\"7409d37\" data-element_type=\"widget\" data-e-type=\"widget\" data-settings=\"{&quot;mas_addons_sticky&quot;:&quot;no&quot;}\" data-widget_type=\"mas-addons-icon-box.default\">\n\t\t\t\t<div class=\"elementor-widget-container\">\n\t\t\t\t\t\t\t\t<!-- box link  -->\n\t\t\t<a class=\"d-block\" href=\"#\"  rel=\"nofollow\" target=\"_blank\">\t\t\t<!-- box link  -->\n\t\t<div class=\"mas-addons-feature-box-item mas-addons-feature-icon-left mas-addons-icon-position-left\">\n\n\t\t\t\t\t\t<div class=\"mas-addons-feature-icon-wrap icon-background-yes align-items-top\">\n\t\t\t\t<span class=\"mas-addons-feature-icon icon-type-icon\">\n\t\t\t\t\t<i aria-hidden=\"true\" class=\"far fa-envelope-open\"><\/i>\t\t\t\t<\/span>\n\t\t\t<\/div>\n\t\t\t\n\t\t\t<div class=\"mas-addons-feature-content-wrap\">\n\t\t\t\t<div class=\"mas-addons-feature-content\">\n\t\t\t\t\t\t\t\t\t\t<h4 class=\"mas-addons-feature-title\">Escr\u00edbenos por correo a <\/h4>\n\t\t\t\t\t\n\t\t\t\t\t\t\t\t\t\t<p>contacto@fherdezsoft.com<\/p>\n\t\t\t\t\t\n\t\t\t\t\t\n\t\t\t\t<\/div>\n\t\t\t\t\t\t\t<\/div>\n\n\t\t<\/div>\n\t\t<!-- box link  -->\n\t\t<\/a>\t\t\t<!-- box link  -->\n\t\t\t\t<\/div>\n\t\t\t\t<\/div>\n\t\t\t\t\t<\/div>\n\t\t<\/div>\n\t\t\t\t<div class=\"elementor-column elementor-col-50 elementor-inner-column elementor-element elementor-element-aea2e24\" data-id=\"aea2e24\" data-element_type=\"column\" data-e-type=\"column\">\n\t\t\t<div class=\"elementor-widget-wrap elementor-element-populated\">\n\t\t\t\t\t\t<div class=\"elementor-element elementor-element-1cda584 mas-addons-sticky-no elementor-widget elementor-widget-mas-addons-form\" data-id=\"1cda584\" data-element_type=\"widget\" data-e-type=\"widget\" data-settings=\"{&quot;mas_addons_sticky&quot;:&quot;no&quot;}\" data-widget_type=\"mas-addons-form.default\">\n\t\t\t\t<div class=\"elementor-widget-container\">\n\t\t\t\t\t\n                <div class=\"mas-addons--contactform-wraper  mas-addons-contact-from \">\n            \n<div class=\"wpcf7 no-js\" id=\"wpcf7-f5621-o1\" lang=\"en-US\" dir=\"ltr\" data-wpcf7-id=\"5621\">\n<div class=\"screen-reader-response\"><p role=\"status\" aria-live=\"polite\" aria-atomic=\"true\"><\/p> <ul><\/ul><\/div>\n<form action=\"\/home\/site\/index.php?rest_route=%2Fwp%2Fv2%2Fpages%2F13182#wpcf7-f5621-o1\" method=\"post\" class=\"wpcf7-form init\" aria-label=\"Contact form\" novalidate=\"novalidate\" data-status=\"init\">\n<fieldset class=\"hidden-fields-container\"><input type=\"hidden\" name=\"_wpcf7\" value=\"5621\" \/><input type=\"hidden\" name=\"_wpcf7_version\" value=\"6.1.5\" \/><input type=\"hidden\" name=\"_wpcf7_locale\" value=\"en_US\" \/><input type=\"hidden\" name=\"_wpcf7_unit_tag\" value=\"wpcf7-f5621-o1\" \/><input type=\"hidden\" name=\"_wpcf7_container_post\" value=\"0\" \/><input type=\"hidden\" name=\"_wpcf7_posted_data_hash\" value=\"\" \/>\n<\/fieldset>\n<div class=\"container\">\n\t<div class=\"row\">\n\t\t<div class=\"col-lg-6\">\n\t\t\t<p><label> Su nombre* <\/label><br \/>\n<span class=\"wpcf7-form-control-wrap\" data-name=\"Your-Name\"><input size=\"40\" maxlength=\"400\" class=\"wpcf7-form-control wpcf7-text wpcf7-validates-as-required\" aria-required=\"true\" aria-invalid=\"false\" placeholder=\"Enter your full name\" value=\"\" type=\"text\" name=\"Your-Name\" \/><\/span>\n\t\t\t<\/p>\n\t\t<\/div>\n\t\t<div class=\"col-lg-6\">\n\t\t\t<p><label> Su Email*<\/label><br \/>\n<span class=\"wpcf7-form-control-wrap\" data-name=\"Your-Email\"><input size=\"40\" maxlength=\"400\" class=\"wpcf7-form-control wpcf7-email wpcf7-validates-as-required wpcf7-text wpcf7-validates-as-email\" aria-required=\"true\" aria-invalid=\"false\" placeholder=\"Enter your email\" value=\"\" type=\"email\" name=\"Your-Email\" \/><\/span>\n\t\t\t<\/p>\n\t\t<\/div>\n\t\t<div class=\"col-lg-6\">\n\t\t\t<p><label> Tel\u00e9fono* <\/label><br \/>\n<span class=\"wpcf7-form-control-wrap\" data-name=\"Your-Number\"><input size=\"40\" maxlength=\"400\" class=\"wpcf7-form-control wpcf7-text wpcf7-validates-as-required\" aria-required=\"true\" aria-invalid=\"false\" placeholder=\"Enter phone number\" value=\"\" type=\"text\" name=\"Your-Number\" \/><\/span>\n\t\t\t<\/p>\n\t\t<\/div>\n\t\t<div class=\"col-lg-6\">\n\t\t\t<p><label> Motivo* <\/label><br \/>\n<span class=\"wpcf7-form-control-wrap\" data-name=\"Your-Dropdown\"><select class=\"wpcf7-form-control wpcf7-select wpcf7-validates-as-required\" aria-required=\"true\" aria-invalid=\"false\" name=\"Your-Dropdown\"><option value=\"Equipamiento\">Equipamiento<\/option><option value=\"Software\">Software<\/option><option value=\"Desarrollo\">Desarrollo<\/option><option value=\"Licenciamiento\">Licenciamiento<\/option><option value=\"Consultor\u00eda\">Consultor\u00eda<\/option><option value=\"Financiamiento\">Financiamiento<\/option><option value=\"Empleo\">Empleo<\/option><option value=\"Otro\">Otro<\/option><\/select><\/span>\n\t\t\t<\/p>\n\t\t<\/div>\n\t\t<div class=\"col-lg-12\">\n\t\t\t<div class=\"section-btn\">\n\t\t\t\t<p><label> Escriba su mensaje <\/label><br \/>\n<span class=\"wpcf7-form-control-wrap\" data-name=\"Your-Message\"><textarea cols=\"40\" rows=\"10\" maxlength=\"2000\" class=\"wpcf7-form-control wpcf7-textarea wpcf7-validates-as-required\" aria-required=\"true\" aria-invalid=\"false\" placeholder=\"Escriba de forma concisa su solicitud aqu\u00ed...\" name=\"Your-Message\"><\/textarea><\/span><br \/>\n<input class=\"wpcf7-form-control wpcf7-submit has-spinner\" type=\"submit\" value=\"Enviar Mensaje\" \/>\n\t\t\t\t<\/p>\n\t\t\t<\/div>\n\t\t<\/div>\n\t<\/div>\n<\/div><div class=\"wpcf7-response-output\" aria-hidden=\"true\"><\/div>\n<\/form>\n<\/div>\n        <\/div>\n        \t\t\t\t<\/div>\n\t\t\t\t<\/div>\n\t\t\t\t\t<\/div>\n\t\t<\/div>\n\t\t\t\t\t<\/div>\n\t\t<\/section>\n\t\t\t\t\t<\/div>\n\t\t<\/div>\n\t\t\t\t\t<\/div>\n\t\t<\/section>\n\t\t\t\t<\/div>\n\t\t","protected":false},"excerpt":{"rendered":"<p>Contact Home Cont\u00e1ctanos ahora mismo Nuestro equipo est\u00e1 listo para resolver tus dudas. Atenci\u00f3n v\u00eda telef\u00f3nica (999) 925-3288 Escr\u00edbenos por WhatsApp (999) 360-5434 Escr\u00edbenos por correo a contacto@fherdezsoft.com Su nombre* Su Email* Tel\u00e9fono* Motivo* EquipamientoSoftwareDesarrolloLicenciamientoConsultor\u00edaFinanciamientoEmpleoOtro Escriba su mensaje<\/p>\n","protected":false},"author":1,"featured_media":0,"parent":0,"menu_order":0,"comment_status":"closed","ping_status":"closed","template":"elementor_header_footer","meta":{"inline_featured_image":false,"footnotes":""},"class_list":["post-13182","page","type-page","status-publish","hentry"],"acf":[],"_links":{"self":[{"href":"https:\/\/www.fherdezsoft.com\/home\/site\/index.php?rest_route=\/wp\/v2\/pages\/13182","targetHints":{"allow":["GET"]}}],"collection":[{"href":"https:\/\/www.fherdezsoft.com\/home\/site\/index.php?rest_route=\/wp\/v2\/pages"}],"about":[{"href":"https:\/\/www.fherdezsoft.com\/home\/site\/index.php?rest_route=\/wp\/v2\/types\/page"}],"author":[{"embeddable":true,"href":"https:\/\/www.fherdezsoft.com\/home\/site\/index.php?rest_route=\/wp\/v2\/users\/1"}],"replies":[{"embeddable":true,"href":"https:\/\/www.fherdezsoft.com\/home\/site\/index.php?rest_route=%2Fwp%2Fv2%2Fcomments&post=13182"}],"version-history":[{"count":4,"href":"https:\/\/www.fherdezsoft.com\/home\/site\/index.php?rest_route=\/wp\/v2\/pages\/13182\/revisions"}],"predecessor-version":[{"id":13841,"href":"https:\/\/www.fherdezsoft.com\/home\/site\/index.php?rest_route=\/wp\/v2\/pages\/13182\/revisions\/13841"}],"wp:attachment":[{"href":"https:\/\/www.fherdezsoft.com\/home\/site\/index.php?rest_route=%2Fwp%2Fv2%2Fmedia&parent=13182"}],"curies":[{"name":"wp","href":"https:\/\/api.w.org\/{rel}","templated":true}]}}